{"id":19,"date":"2019-10-22T16:19:00","date_gmt":"2019-10-22T14:19:00","guid":{"rendered":"https:\/\/aillonlejeune.fr\/?page_id=19"},"modified":"2026-01-27T11:59:58","modified_gmt":"2026-01-27T09:59:58","slug":"vie-pratique","status":"publish","type":"page","link":"https:\/\/aillonlejeune.fr\/?page_id=19","title":{"rendered":"Vie Pratique"},"content":{"rendered":"<p>[et_pb_section fb_built=&#8221;1&#8243; _builder_version=&#8221;4.16&#8243; global_colors_info=&#8221;{}&#8221;][et_pb_row _builder_version=&#8221;4.16&#8243; global_colors_info=&#8221;{}&#8221;][et_pb_column type=&#8221;4_4&#8243; _builder_version=&#8221;4.16&#8243; global_colors_info=&#8221;{}&#8221;][et_pb_text content_tablet=&#8221;&#8221; content_phone=&#8221;<H2><\/p>\n<p style=%22text-align: center;%22><strong>Vie Pratique<\/strong><\/p>\n<p><\/H2>&#8221; content_last_edited=&#8221;on|phone&#8221; _builder_version=&#8221;4.16&#8243; text_text_color=&#8221;#000000&#8243; text_font_size=&#8221;80px&#8221; header_font_size=&#8221;41px&#8221; text_orientation=&#8221;center&#8221; hover_enabled=&#8221;0&#8243; global_colors_info=&#8221;{}&#8221; sticky_enabled=&#8221;0&#8243;]<\/p>\n<p style=\"text-align: center;\"><strong>Vie Pratique<\/strong><\/p>\n<p>[\/et_pb_text][\/et_pb_column][\/et_pb_row][et_pb_row _builder_version=&#8221;4.16&#8243; width=&#8221;82%&#8221; max_width=&#8221;1656px&#8221; global_colors_info=&#8221;{}&#8221;][et_pb_column type=&#8221;4_4&#8243; _builder_version=&#8221;4.16&#8243; global_colors_info=&#8221;{}&#8221;][et_pb_tabs active_tab_background_color=&#8221;#2ea3f2&#8243; active_tab_text_color=&#8221;#ffffff&#8221; _builder_version=&#8221;4.27.5&#8243; tab_font_size=&#8221;19px&#8221; width_tablet=&#8221;&#8221; width_phone=&#8221;100%&#8221; width_last_edited=&#8221;on|phone&#8221; min_height_tablet=&#8221;&#8221; min_height_phone=&#8221;100px&#8221; min_height_last_edited=&#8221;on|phone&#8221; height_tablet=&#8221;&#8221; height_phone=&#8221;443px&#8221; height_last_edited=&#8221;on|phone&#8221; custom_margin=&#8221;||147px|||&#8221; custom_padding=&#8221;||||true&#8221; custom_padding_tablet=&#8221;&#8221; custom_padding_phone=&#8221;0px||0px||true|false&#8221; custom_padding_last_edited=&#8221;on|phone&#8221; hover_enabled=&#8221;0&#8243; global_colors_info=&#8221;{}&#8221; sticky_enabled=&#8221;0&#8243;][et_pb_tab title=&#8221;Adresse, t\u00e9l\u00e9phone, horaires&#8221; content_tablet=&#8221;&#8221; content_phone=&#8221;<CENTER><TABLE width=60% border=1><\/p>\n<table>\n<tbody>\n<tr>\n<td width=20%><b>Mairie<\/b><\/td>\n<td width=80%>Chef-Lieu<\/td>\n<tr>\n<\/tr>\n<td><\/td>\n<td>73340<\/td>\n<\/tr>\n<\/tr>\n<td><\/td>\n<td>Aillon-le-Jeune<\/td>\n<\/tr>\n<tr>\n<td><b>T\u00e9l\u00e9phone<\/b><\/td>\n<td> 04 79 54 60 72<\/td>\n<\/tr>\n<tr>\n<td><\/td>\n<td> <\/td>\n<\/tr>\n<tr>\n<td><\/td>\n<td> <\/td>\n<\/tr>\n<tr>\n<td><b>Superficie<\/b><\/td>\n<td>34,1 km\u00b2<\/td>\n<\/tr>\n<tr>\n<td><b>Altitude<\/b><\/td>\n<td>de 977 \u00e0 2040 m<\/td>\n<\/tr>\n<tr>\n<td><b>Latitude<\/b><\/td>\n<td>45.6089t<\/td>\n<\/tr>\n<tr>\n<td><b>Longitude<\/b><\/td>\n<td> 6.08869<\/td>\n<\/tr>\n<\/tbody>\n<\/table>\n<p><\/center>&#8221; content_last_edited=&#8221;on|phone&#8221; _builder_version=&#8221;4.27.4&#8243; body_font_size_tablet=&#8221;&#8221; body_font_size_phone=&#8221;11px&#8221; body_font_size_last_edited=&#8221;on|phone&#8221; tab_line_height_tablet=&#8221;&#8221; tab_line_height_phone=&#8221;1em&#8221; tab_line_height_last_edited=&#8221;on|phone&#8221; global_colors_info=&#8221;{}&#8221;]<\/p>\n<p>&nbsp;<\/p>\n<table style=\"width: 100%;\" border=\"0\" width=\"100%\">\n<tbody>\n<tr>\n<td style=\"width: 25%;\" width=\"30%\"><b>Mairie d&#8217;Aillon-le-Jeune<\/b><\/td>\n<td style=\"width: 25%;\" width=\"40%\">9 route de la combe<\/td>\n<td style=\"width: 40%;\" width=\"30%\"><\/td>\n<\/tr>\n<tr>\n<td style=\"width: 25%;\"><\/td>\n<td style=\"width: 25%;\">73340 Aillon-le-Jeune<\/td>\n<\/tr>\n<tr>\n<td style=\"width: 25%;\"><b>Mail<\/b><\/td>\n<td style=\"width: 25%;\">mairie@lesaillons.com<\/td>\n<\/tr>\n<tr>\n<td style=\"width: 25%;\"><b>T\u00e9l\u00e9phone<\/b><\/td>\n<td style=\"width: 25%;\">04 79 54 60 72<\/td>\n<\/tr>\n<tr>\n<td style=\"width: 25%;\"><b>Horaires d&#8217;ouverture <\/b><\/td>\n<td style=\"width: 25%;\">Lundi au Vendredi<\/td>\n<td style=\"width: 40%;\">10h &#8211; 12h<\/td>\n<\/tr>\n<tr>\n<td style=\"width: 25%;\"><b>Permanence t\u00e9l\u00e9phonique<\/b><\/td>\n<td style=\"width: 25%;\">Lundi au Vendredi<\/td>\n<td style=\"width: 40%;\">10h &#8211; 12h<\/td>\n<\/tr>\n<tr>\n<td style=\"width: 25%;\"><b>Superficie<\/b><\/td>\n<td style=\"width: 25%;\">34,1 km\u00b2<\/td>\n<\/tr>\n<tr>\n<td style=\"width: 25%;\"><b>Altitude<\/b><\/td>\n<td style=\"width: 25%;\">de 977 \u00e0 2040 m<\/td>\n<\/tr>\n<tr>\n<td style=\"width: 25%;\"><b>Latitude<\/b><\/td>\n<td style=\"width: 25%;\">45.6089t<\/td>\n<\/tr>\n<tr>\n<td style=\"width: 25%;\"><b>Longitude<\/b><\/td>\n<td style=\"width: 25%;\">6.08869<\/td>\n<\/tr>\n<tr>\n<td style=\"width: 25%;\"><b>Plus de <a href=\"\/\/www.annuaire-mairie.fr\/statistique-aillon-le-jeune.html\" target=\"_blank\" rel=\"noopener noreferrer\">statistiques<\/a> sur Aillon le Jeune<\/b><\/td>\n<td style=\"width: 25%;\"><\/td>\n<\/tr>\n<\/tbody>\n<\/table>\n<p>[\/et_pb_tab][et_pb_tab title=&#8221;Num\u00e9ros utiles&#8221; content_tablet=&#8221;&#8221; content_phone=&#8221;<\/p>\n<table width=%22100%%22 border=%220%22>\n<tbody>\n<tr>\n<td width=%2210%%22><b>SAMU<\/b><\/td>\n<td width=%2210%%22><\/td>\n<td width=%2250%%22>15<\/td>\n<\/tr>\n<tr>\n<td><b>Pompiers<\/b><\/td>\n<td><\/td>\n<td>18<\/td>\n<\/tr>\n<tr>\n<td><b>Police Secours<\/b><\/td>\n<td><\/td>\n<td>17<\/td>\n<\/tr>\n<tr>\n<td><b>Urgence g\u00e9n\u00e9rale<\/b><\/td>\n<td><\/td>\n<td>112<\/td>\n<\/tr>\n<tr>\n<td><b>M\u00e9decin d&#8217;Aillon le Jeune<\/b><\/td>\n<td>Docteur MAILLARD<\/td>\n<td>04.79.54.63.77<\/td>\n<\/tr>\n<tr>\n<td><b>Pharmacie du Chatelard<\/b><\/td>\n<td>Pharmacie des Bauges<\/td>\n<td>04.79.54.81.45<\/td>\n<\/tr>\n<tr>\n<td><b>Ambulance<\/b><\/td>\n<td>Bauges Ambulance<\/td>\n<td>04.79.63.38.38<\/td>\n<\/tr>\n<\/tbody>\n<\/table>\n<p>&#8221; content_last_edited=&#8221;on|phone&#8221; _builder_version=&#8221;4.27.0&#8243; body_line_height=&#8221;1.6em&#8221; custom_padding_tablet=&#8221;&#8221; custom_padding_phone=&#8221;|0px||0px|false|true&#8221; custom_padding_last_edited=&#8221;on|phone&#8221; body_font_size_tablet=&#8221;&#8221; body_font_size_phone=&#8221;9px&#8221; body_font_size_last_edited=&#8221;on|phone&#8221; body_line_height_tablet=&#8221;&#8221; body_line_height_phone=&#8221;&#8221; body_line_height_last_edited=&#8221;on|phone&#8221; global_colors_info=&#8221;{}&#8221;]<\/p>\n<table width=\"60%\" border=\"0\">\n<tbody>\n<tr>\n<td width=\"20%\"><b>Agence Postale<\/b><\/td>\n<td width=\"20%\">ouverture 8h30 &#8211; 11h<\/td>\n<td width=\"40%\">04.79.61.93.69<\/td>\n<\/tr>\n<tr>\n<td width=\"20%\"><b>SAMU<\/b><\/td>\n<td width=\"20%\"><\/td>\n<td width=\"40%\">15<\/td>\n<\/tr>\n<tr>\n<td><b>Pompiers<\/b><\/td>\n<td><\/td>\n<td>18<\/td>\n<\/tr>\n<tr>\n<td><b>Police Secours<\/b><\/td>\n<td><\/td>\n<td>17<\/td>\n<\/tr>\n<tr>\n<td><b>Urgence g\u00e9n\u00e9rale<\/b><\/td>\n<td><\/td>\n<td>112<\/td>\n<\/tr>\n<tr>\n<td><b>M\u00e9decin d&#8217;Aillon le Jeune<\/b><\/td>\n<td>Docteur MAILLARD<\/td>\n<td>04.79.54.63.77<\/td>\n<\/tr>\n<tr>\n<td><b>Pharmacie du Chatelard<\/b><\/td>\n<td>Pharmacie des Bauges<\/td>\n<td>04.79.54.81.45<\/td>\n<\/tr>\n<tr>\n<td><b>Ambulance<\/b><\/td>\n<td>Bauges Ambulance<\/td>\n<td>04.79.63.38.38<\/td>\n<\/tr>\n<tr>\n<td><b>Infirmiers<\/b><\/td>\n<td>Catherine GOUX et Mathieu BAILLET<\/td>\n<td>06 17 88 75 23<\/td>\n<\/tr>\n<tr>\n<td><b><\/b><\/td>\n<td>Annie JUSTET<\/td>\n<td>06 29 47 08 44<\/td>\n<\/tr>\n<tr>\n<td><b><\/b><\/td>\n<td>Maud DUCHENE et Maryline PRICAZ<\/td>\n<td>04 79 35 04 54<\/td>\n<\/tr>\n<\/tbody>\n<\/table>\n<p>[\/et_pb_tab][et_pb_tab title=&#8221;Vos d\u00e9marches administratives&#8221; _builder_version=&#8221;4.27.4&#8243; global_colors_info=&#8221;{}&#8221;]<\/p>\n<p><a href=\"https:\/\/www.service-public.fr\/particuliers\/vosdroits\/R16024\" target=\"_blank\" rel=\"noopener noreferrer\"><\/a>L&#8217;ensemble des Services en ligne et formulaires peuvent se trouver sur le site <a href=\"https:\/\/www.service-public.fr\/particuliers\/recherche?rubricFilter=serviceEnLigne&amp;rubricTypeFilter=teleservice\" target=\"_blank\" rel=\"noopener noreferrer\">Service-Public.fr<\/a><\/p>\n<p>Vous pouvez cependant acc\u00e9der directement aux services courants suivants:<\/p>\n<p><b>Urbanisme<\/b><\/p>\n<ul>\n<li><a href=\"https:\/\/www.grandchambery.fr\/2624-les-documents-du-plui-hd.htm#par28577\" target=\"_blank\" rel=\"noopener noreferrer\">Acc\u00e8s aux documents du PLUiHD concernant les demandes d&#8217;urbanisme sur Aillon le Jeune<\/a><\/li>\n<li><a href=\"https:\/\/aillonlejeune.fr\/wp-content\/uploads\/2024\/12\/Flyer-dematerialisation-autorisations-durbanisme.pdf\" target=\"_blank\" rel=\"noopener noreferrer\">D\u00e9mat\u00e9rialisation des demandes d&#8217;urbanisme et des D\u00e9clarations d\u2019Intention d\u2019Ali\u00e9ner<\/a><\/li>\n<\/ul>\n<p><b>Papiers &#8211; Citoyennet\u00e9<\/b><\/p>\n<ul>\n<li><a href=\"https:\/\/www.service-public.fr\/particuliers\/vosdroits\/R43333\" target=\"_blank\" rel=\"noopener noreferrer\">Demande d&#8217;acte de naissance : copie int\u00e9grale ou extrait (naissance en France) &#8211; Service gratuit<\/a><\/li>\n<li><a href=\"https:\/\/www.service-public.fr\/particuliers\/vosdroits\/R42838\" target=\"_blank\" rel=\"noopener noreferrer\">Demande d&#8217;acte de d\u00e9c\u00e8s (survenu en France) &#8211; Service gratuit(T\u00e9l\u00e9service)<\/a><\/li>\n<li><a href=\"https:\/\/www.service-public.fr\/particuliers\/vosdroits\/R16024\" target=\"_blank\" rel=\"noopener noreferrer\">Demande d&#8217;inscription sur les listes \u00e9lectorales<\/a><\/li>\n<\/ul>\n<p><b>Social Sant\u00e9<\/b><\/p>\n<ul>\n<li><a href=\"https:\/\/www.service-public.fr\/particuliers\/vosdroits\/R50282\" target=\"_blank\" rel=\"noopener noreferrer\">Demande de RSA (Caf)(T\u00e9l\u00e9service)<\/a><\/li>\n<li><a href=\"https:\/\/www.service-public.fr\/particuliers\/vosdroits\/R50217\" target=\"_blank\" rel=\"noopener noreferrer\">RSA &#8211; D\u00e9clarer ses ressources trimestrielles(T\u00e9l\u00e9service)<\/a><\/li>\n<li><a href=\"https:\/\/www.service-public.fr\/particuliers\/vosdroits\/R49998\" target=\"_blank\" rel=\"noopener noreferrer\">S&#8217;inscrire \u00e0 P\u00f4le emploi(T\u00e9l\u00e9service)<\/a><\/li>\n<li><a href=\"https:\/\/www.service-public.fr\/particuliers\/vosdroits\/R49828\" target=\"_blank\" rel=\"noopener noreferrer\">Changement d&#8217;adresse (Ameli)(T\u00e9l\u00e9service)<\/a><\/li>\n<li><a href=\"https:\/\/www.service-public.fr\/particuliers\/vosdroits\/R46791\" target=\"_blank\" rel=\"noopener noreferrer\">Demande en ligne d&#8217;admission en \u00e9tablissement d&#8217;h\u00e9bergement pour personnes \u00e2g\u00e9es d\u00e9pendantes (\u00c9hpad)(T\u00e9l\u00e9service)<\/a><\/li>\n<\/ul>\n<p><b>Travail<\/b><\/p>\n<ul>\n<li><a href=\"https:\/\/www.service-public.fr\/particuliers\/vosdroits\/R18364\" target=\"_blank\" rel=\"noopener noreferrer\">Cesu en ligne(T\u00e9l\u00e9service)<\/a><\/li>\n<li><a href=\"https:\/\/www.service-public.fr\/particuliers\/vosdroits\/R37481\" target=\"_blank\" rel=\"noopener noreferrer\">Rechercher un organisme de services \u00e0 la personne(T\u00e9l\u00e9service)<\/a><\/li>\n<\/ul>\n<p><b>Transport<\/b><\/p>\n<ul>\n<li><a href=\"https:\/\/www.service-public.fr\/particuliers\/vosdroits\/R47917\" target=\"_blank\" rel=\"noopener noreferrer\">Refaire sa carte grise (perte, vol ou d\u00e9t\u00e9rioration)<\/a><\/li>\n<li><a href=\"https:\/\/www.service-public.fr\/particuliers\/vosdroits\/R52957\" target=\"_blank\" rel=\"noopener noreferrer\">Histovec : historique et situation administrative d&#8217;un v\u00e9hicule d&#8217;occasion<\/a><\/li>\n<li><a href=\"https:\/\/www.service-public.fr\/particuliers\/vosdroits\/R17121\" target=\"_blank\" rel=\"noopener noreferrer\">T\u00e9l\u00e9points : solde des points du permis de conduire<\/a><\/li>\n<li><a href=\"https:\/\/aillonlejeune.fr\/wp-content\/uploads\/2025\/04\/TAD_Chambei_A4ouvert_BPimpr.pdf\" target=\"_blank\" rel=\"noopener noreferrer\">Flexi &#8211; Transport \u00e0 la demande<\/a><\/li>\n<\/ul>\n<p><b>Argent<\/b><\/p>\n<ul>\n<li><a href=\"https:\/\/www.service-public.fr\/particuliers\/vosdroits\/R46526\" target=\"_blank\" rel=\"noopener noreferrer\">Signaler une fraude \u00e0 la carte bancaire (Perceval)<\/a><\/li>\n<li><a href=\"https:\/\/www.service-public.fr\/particuliers\/vosdroits\/R51983\" target=\"_blank\" rel=\"noopener noreferrer\">Calcul du pr\u00e9l\u00e8vement \u00e0 la source<\/a><\/li>\n<li><a href=\"https:\/\/www.service-public.fr\/particuliers\/vosdroits\/R39812\" target=\"_blank\" rel=\"noopener noreferrer\">Achat en ligne du timbre fiscal &#8211; Passeport<\/a><\/li>\n<\/ul>\n<p>&nbsp;<\/p>\n<p><b>France Service<\/b><\/p>\n<ul>\n<li><a href=\"https:\/\/aillonlejeune.fr\/wp-content\/uploads\/2022\/05\/lettre-elus-services-aux-usagers-1.odt\" target=\"_blank\" rel=\"noopener noreferrer\">Maison France Service -Impots<\/a><\/li>\n<li><a href=\"https:\/\/aillonlejeune.fr\/wp-content\/uploads\/2022\/06\/Guide-France-services-73.pdf\" target=\"_blank\" rel=\"noopener noreferrer\">Guide France Service -73<\/a><\/li>\n<p>[\/et_pb_tab][et_pb_tab title=&#8221;Affaires Scolaires&#8221; _builder_version=&#8221;4.27.5&#8243; hover_enabled=&#8221;0&#8243; global_colors_info=&#8221;{}&#8221; sticky_enabled=&#8221;0&#8243;]<\/p>\n<ul>\n<li><a href=\"https:\/\/aillonlejeune.com\/scolaire-periscolaire\/\">Retrouvez toutes les informations relatives au scolaire et p\u00e9riscolaire<\/p>\n<p>[\/et_pb_tab][\/et_pb_tabs][\/et_pb_column][\/et_pb_row][\/et_pb_section]<\/p>\n","protected":false},"excerpt":{"rendered":"<p>Vie Pratique&nbsp; Mairie d&#8217;Aillon-le-Jeune 9 route de la combe 73340 Aillon-le-Jeune Mail mairie@lesaillons.com T\u00e9l\u00e9phone 04 79 54 60 72 Horaires d&#8217;ouverture Lundi au Vendredi 10h &#8211; 12h Permanence t\u00e9l\u00e9phonique Lundi au Vendredi 10h &#8211; 12h Superficie 34,1 km\u00b2 Altitude de 977 \u00e0 2040 m Latitude 45.6089t Longitude 6.08869 Plus de statistiques sur Aillon le Jeune [&hellip;]<\/p>\n","protected":false},"author":1,"featured_media":0,"parent":0,"menu_order":0,"comment_status":"closed","ping_status":"closed","template":"","meta":{"nf_dc_page":"","_et_pb_use_builder":"on","_et_pb_old_content":"","_et_gb_content_width":"","om_disable_all_campaigns":false,"_monsterinsights_skip_tracking":false,"_monsterinsights_sitenote_active":false,"_monsterinsights_sitenote_note":"","_monsterinsights_sitenote_category":0,"_uf_show_specific_survey":0,"_uf_disable_surveys":false,"footnotes":""},"class_list":["post-19","page","type-page","status-publish","hentry"],"aioseo_notices":[],"jetpack_sharing_enabled":true,"_links":{"self":[{"href":"https:\/\/aillonlejeune.fr\/index.php?rest_route=\/wp\/v2\/pages\/19","targetHints":{"allow":["GET"]}}],"collection":[{"href":"https:\/\/aillonlejeune.fr\/index.php?rest_route=\/wp\/v2\/pages"}],"about":[{"href":"https:\/\/aillonlejeune.fr\/index.php?rest_route=\/wp\/v2\/types\/page"}],"author":[{"embeddable":true,"href":"https:\/\/aillonlejeune.fr\/index.php?rest_route=\/wp\/v2\/users\/1"}],"replies":[{"embeddable":true,"href":"https:\/\/aillonlejeune.fr\/index.php?rest_route=%2Fwp%2Fv2%2Fcomments&post=19"}],"version-history":[{"count":4,"href":"https:\/\/aillonlejeune.fr\/index.php?rest_route=\/wp\/v2\/pages\/19\/revisions"}],"predecessor-version":[{"id":10291,"href":"https:\/\/aillonlejeune.fr\/index.php?rest_route=\/wp\/v2\/pages\/19\/revisions\/10291"}],"wp:attachment":[{"href":"https:\/\/aillonlejeune.fr\/index.php?rest_route=%2Fwp%2Fv2%2Fmedia&parent=19"}],"curies":[{"name":"wp","href":"https:\/\/api.w.org\/{rel}","templated":true}]}}